{"id":144032,"date":"2024-03-20T18:38:16","date_gmt":"2024-03-20T16:38:16","guid":{"rendered":"https:\/\/ugoman.net\/?post_type=product&#038;p=144032"},"modified":"2024-03-20T18:38:17","modified_gmt":"2024-03-20T16:38:17","slug":"%f0%9f%8c%b3-nature-green-%d0%ba%d0%be%d0%bc%d0%bf%d0%bb%d0%b5%d0%ba%d1%82","status":"publish","type":"product","link":"https:\/\/ugoman.net\/ro\/produs\/%f0%9f%8c%b3-nature-green-%d0%ba%d0%be%d0%bc%d0%bf%d0%bb%d0%b5%d0%ba%d1%82\/","title":{"rendered":"\ud83c\udf33 Nature Green &#8211; \u041a\u043e\u043c\u043f\u043b\u0435\u043a\u0442"},"content":{"rendered":"<p style=\"text-align: center;\"><strong><span style=\"color: #000000;\">V\u0103 prezent\u0103m frumosul nostru set \u201eNature Green\u201d \ud83c\udf33 &#8211; Colier \u0219i Br\u0103\u021bar\u0103 &#8211; din Perle naturale \u0219i Cristale naturale verzi!<\/span><\/strong><\/p>\n<p style=\"text-align: center;\"><strong><span style=\"color: #000000;\">accesoriul perfect pentru cei care vor s\u0103 fie diferi\u021bi \u0219i spectaculo\u0219i. Acest set este un colier \u0219i br\u0103\u021bar\u0103 cu Cristale verzi \u0219i Perle naturale, lucrate cu m\u0103iestrie \u0219i \u00een\u0219irate pe un \u0219nur dublu de o\u021bel de \u00eenalt\u0103 calitate, extrem de rezistent!<\/span><\/strong><\/p>\n<p style=\"text-align: center;\"><span style=\"color: #000000;\">Ca bonus special, includem o cutie frumoas\u0103 \u0219i o pung\u0103 cadou din velur \u0219i un certificat de calitate\u00a0la fiecare achizi\u021bie, f\u0103c\u00e2ndu-l un cadou perfect pentru cei dragi sau un r\u0103sf\u0103\u021b special pentru tine. Nu rata\u021bi aceast\u0103 oportunitate de a de\u021bine un accesoriu cu adev\u0103rat unic \u0219i semnificativ.<\/span><\/p>\n<p style=\"text-align: center;\"><strong><span style=\"color: #000000;\">Simbol &#8211; cre\u0219tere \u0219i abunden\u021b\u0103<\/span><\/strong><\/p>\n<p style=\"text-align: center;\"><strong><span style=\"color: #000000;\">*F\u0103cut manual<\/span><\/strong><\/p>\n<p style=\"text-align: center;\"><strong><span style=\"color: #000000;\">*Lungimea colierului reglabila!<\/span><\/strong><\/p>\n<p style=\"text-align: center;\"><strong><span style=\"color: #000000;\">Perle naturale<\/span><\/strong><\/p>\n<p style=\"text-align: center;\"><strong><span style=\"color: #000000;\">4mm<\/span><\/strong><\/p>\n<p style=\"text-align: center;\"><span style=\"color: #000000;\">Perlele sunt un simbol al purit\u0103\u021bii, inocen\u021bei \u0219i credin\u021bei. Ele sporesc integritatea \u0219i contribuie la clarificarea min\u021bii \u0219i la asimilarea \u00een\u021belepciunii \u0219i a c\u0103l\u0103uzirii spirituale. Unii cred c\u0103 acestea sunt lacrimile zeilor.<\/span><\/p>\n<p style=\"text-align: center;\"><span style=\"color: #000000;\">Perlele sunt una dintre cele mai delicate pietre pre\u021bioase. Nu necesit\u0103 t\u0103iere sau lustruire special\u0103 pentru c\u0103 sunt frumoase a\u0219a cum sunt &#8211; prin aspectul \u0219i originea lor natural\u0103. Perlele de \u00eenalt\u0103 calitate au un luciu bogat \u0219i str\u0103lucitor, iar iriza\u021biile lor str\u0103lucitoare provin direct din miezul bijuteriei. De aceea perlele au devenit un simbol al frumuse\u021bii pure \u0219i naturale.<\/span><\/p>\n<p style=\"text-align: center;\"><strong><span style=\"color: #000000;\">Cristale verzi<\/span><\/strong><\/p>\n<p style=\"text-align: center;\"><strong><span style=\"color: #000000;\">3,5 mm.<\/span><\/strong><\/p>\n<p style=\"text-align: center;\"><span style=\"color: #000000;\">Culoarea verde este un prevestitor de noroc, bog\u0103\u021bie, fertilitate \u0219i prosperitate. Ace\u0219tia sunt, desigur, \u0219i factori majori pe care proprietarii de bijuterii verzi doresc s\u0103-i atrag\u0103.<\/span><\/p>\n<p style=\"text-align: center;\">\n<p style=\"text-align: center;\">\n<span style=\"color: #000000;\">La UGOMAN, ne m\u00e2ndrim cu crearea de bijuterii care nu numai c\u0103 arat\u0103 frumos, dar au \u0219i o semnifica\u021bie \u0219i o semnifica\u021bie profund\u0103.<\/span><\/p>\n<p style=\"text-align: center;\"><span style=\"color: #000000;\">Comanda acum \u0219i las\u0103 credin\u021ba s\u0103 te inspire \u00een fiecare zi.<\/span><\/p>\n","protected":false},"excerpt":{"rendered":"<p>V\u0103 prezent\u0103m frumosul nostru set \u201eNature Green\u201d \ud83c\udf33 &#8211; Colier \u0219i Br\u0103\u021bar\u0103 &#8211; din Perle naturale \u0219i Cristale naturale verzi! accesoriul perfect pentru cei care vor s\u0103 fie diferi\u021bi \u0219i spectaculo\u0219i. Acest set este un colier \u0219i br\u0103\u021bar\u0103 cu Cristale verzi \u0219i Perle naturale, lucrate [&hellip;]<\/p>\n","protected":false},"featured_media":144033,"template":"","meta":{"advanced_seo_description":"","jetpack_seo_html_title":"","jetpack_seo_noindex":false,"jetpack_post_was_ever_published":false,"jetpack_publicize_message":"","jetpack_publicize_feature_enabled":true,"jetpack_social_post_already_shared":true,"jetpack_social_options":{"image_generator_settings":{"template":"highway","default_image_id":0,"font":"","enabled":false},"version":2},"_wpas_customize_per_network":false},"product_brand":[],"product_cat":[2941,2973,2997,2933,3061,3069],"product_tag":[],"class_list":{"0":"post-144032","1":"product","2":"type-product","3":"status-publish","4":"has-post-thumbnail","6":"product_cat-natural-stone-bracelets1640255361","7":"product_cat-bratari1640255401","8":"product_cat-coliere1640255440","9":"product_cat-natural-stone-necklaces1640255350","10":"product_cat-femei1640255509","11":"product_cat-seturi1640255519","13":"first","14":"instock","15":"sale","16":"purchasable","17":"product-type-variable"},"exclude_global_add_ons":[],"addons":[],"gallery_images":[144033,144034,144035,144036,144037,144038,144039,144040,119092,119084],"jetpack_publicize_connections":[],"jetpack_likes_enabled":true,"jetpack_sharing_enabled":true,"_links":{"self":[{"href":"https:\/\/ugoman.net\/ro\/wp-json\/wp\/v2\/product\/144032","targetHints":{"allow":["GET"]}}],"collection":[{"href":"https:\/\/ugoman.net\/ro\/wp-json\/wp\/v2\/product"}],"about":[{"href":"https:\/\/ugoman.net\/ro\/wp-json\/wp\/v2\/types\/product"}],"wp:featuredmedia":[{"embeddable":true,"href":"https:\/\/ugoman.net\/ro\/wp-json\/wp\/v2\/media\/144033"}],"wp:attachment":[{"href":"https:\/\/ugoman.net\/ro\/wp-json\/wp\/v2\/media?parent=144032"}],"wp:term":[{"taxonomy":"product_brand","embeddable":true,"href":"https:\/\/ugoman.net\/ro\/wp-json\/wp\/v2\/product_brand?post=144032"},{"taxonomy":"product_cat","embeddable":true,"href":"https:\/\/ugoman.net\/ro\/wp-json\/wp\/v2\/product_cat?post=144032"},{"taxonomy":"product_tag","embeddable":true,"href":"https:\/\/ugoman.net\/ro\/wp-json\/wp\/v2\/product_tag?post=144032"}],"curies":[{"name":"wp","href":"https:\/\/api.w.org\/{rel}","templated":true}]}}