{"id":45046,"date":"2016-09-07T09:31:56","date_gmt":"2016-09-07T06:31:56","guid":{"rendered":"https:\/\/ugoman.net\/?product=prose-flowerp"},"modified":"2024-02-01T10:15:56","modified_gmt":"2024-02-01T08:15:56","slug":"prose-flowerp","status":"publish","type":"product","link":"https:\/\/ugoman.net\/ro\/produs\/prose-flowerp\/","title":{"rendered":"Rose Flower"},"content":{"rendered":"<p style=\"text-align: center;\"><span style=\"font-size:16px\"><span style=\"color:#696969\"><span style=\"font-family:georgia,serif\"><strong>Medalion feminin<\/strong><\/span><\/span><\/span><\/p>\n<p style=\"text-align: center;\"><span style=\"font-size:16px\"><span style=\"color:#696969\"><span style=\"font-family:georgia,serif\"><strong>&quot;Floare rosie&quot;<\/strong><\/span><\/span><\/span><\/p>\n<p style=\"text-align: center;\"><span style=\"font-size:16px\"><span style=\"color:#696969\"><span style=\"font-family:georgia,serif\"><strong>&nbsp; material: o\u021bel inoxidabil 316L \u0219i PVD ro\u0219u<\/strong><\/span><\/span><\/span><\/p>\n<p style=\"text-align: center;\"><span style=\"font-size:16px\"><span style=\"color:#696969\"><span style=\"font-family:georgia,serif\"><strong>Num\u0103r articol: J25981<\/strong><\/span><\/span><\/span><\/p>\n<p style=\"text-align: center;\"><span style=\"font-size:16px\"><span style=\"color:#696969\"><span style=\"font-family:georgia,serif\"><strong>&nbsp; lungime: 460 mm.<\/strong><\/span><\/span><\/span><\/p>\n<p style=\"text-align: center;\">&nbsp;<\/p>\n<p style=\"text-align: center;\">&nbsp;<\/p>\n<p style=\"text-align: center;\"><span style=\"font-size:16px\"><span style=\"color:#696969\"><span style=\"font-family:georgia,serif\"><strong>Anun\u0163:<\/strong><\/span><\/span><\/span><\/p>\n<p style=\"text-align: center;\"><span style=\"font-size:16px\"><span style=\"color:#696969\"><span style=\"font-family:georgia,serif\"><strong>&nbsp; &nbsp;Face\u021bi o impresie de neuitat cu ofertele noastre.<\/strong><\/span><\/span><\/span><\/p>\n<p style=\"text-align: center;\"><span style=\"font-size:16px\"><span style=\"color:#696969\"><span style=\"font-family:georgia,serif\"><strong>Bijuteriile din o\u021bel inoxidabil UGOMAN sunt o modalitate excelent\u0103 de a ad\u0103uga stil aspectului t\u0103u. Tehnologia de realizare a bijuteriilor permite o precizie f\u0103r\u0103 compromisuri &icirc;n produc\u021bia lor p&acirc;n\u0103 la ultimul detaliu.<\/strong><\/span><\/span><\/span><\/p>\n<p style=\"text-align: center;\"><span style=\"font-size:16px\"><span style=\"color:#696969\"><span style=\"font-family:georgia,serif\"><strong>O\u021belul inoxidabil se caracterizeaz\u0103 printr-o rezisten\u021b\u0103 excep\u021bional\u0103 la coroziune \u0219i rugin\u0103, are cerin\u021be reduse de service \u0219i luciul s\u0103u familiar &icirc;l face un material ideal pentru marca noastr\u0103 de bijuterii &bdquo;UGOMAN&rdquo;.<\/strong><\/span><\/span><\/span><\/p>\n<p style=\"text-align: center;\"><span style=\"font-size:16px\"><span style=\"color:#696969\"><span style=\"font-family:georgia,serif\"><strong>Acoperirea PVD (Physical Vapor Deposition) a fost ini\u021bial utilizat\u0103 la fabricarea produselor destinate militarilor, necesit&acirc;nd o rezisten\u021b\u0103 sporit\u0103 la uzur\u0103 a pieselor metalice. De\u0219i &icirc;nveli\u0219ul aplicat prin metoda PVD este de obicei doar c&acirc;\u021biva microni, moleculele sale se leag\u0103 at&acirc;t de str&acirc;ns de cele ale metalului &icirc;nc&acirc;t imediat dup\u0103 aplicare este foarte dificil (aproape imposibil) s\u0103-l &icirc;ndep\u0103rta\u021bi de pe p\u0103r\u021bile metalice pe care este aplicat.<\/strong><\/span><\/span><\/span><\/p>\n<p style=\"text-align: center;\"><span style=\"font-size:16px\"><span style=\"color:#696969\"><span style=\"font-family:georgia,serif\"><strong>&nbsp; &nbsp;<\/strong><\/span><\/span><\/span><\/p>\n<p style=\"text-align: center;\"><span style=\"font-size:16px\"><span style=\"color:#696969\"><span style=\"font-family:georgia,serif\"><strong>&nbsp; &nbsp; &nbsp; Ve\u021bi primi bijuteriile noastre &icirc;n ambalajele companiei de lux \u0219i un certificat de autenticitate<\/strong><\/span><\/span><\/span><\/p>\n<p style=\"text-align: center;\"><span style=\"font-size:16px\"><span style=\"color:#696969\"><span style=\"font-family:georgia,serif\"><strong>&bdquo;UGOMAN&rdquo;.<\/strong><\/span><\/span><\/span><\/p>\n<p style=\"text-align: center;\"><span style=\"font-size:16px\"><span style=\"color:#696969\"><span style=\"font-family:georgia,serif\"><strong>&nbsp; &nbsp; &nbsp; &nbsp; &nbsp; &nbsp; &nbsp; &nbsp; &nbsp; &nbsp; &nbsp; &nbsp; &nbsp; &nbsp; &nbsp; &nbsp; &nbsp; &nbsp; &nbsp; &nbsp; &nbsp; &nbsp; &nbsp; &nbsp; &nbsp; &nbsp; &nbsp; &nbsp; &nbsp; &nbsp; &nbsp; &nbsp; &nbsp; &nbsp; &nbsp; &nbsp;<\/strong><\/span><\/span><\/span><\/p>\n<p style=\"text-align: center;\"><span style=\"font-size:16px\"><span style=\"color:#696969\"><span style=\"font-family:georgia,serif\"><strong>Pute\u021bi cump\u0103ra acest produs online de la<\/strong><\/span><\/span><\/span><\/p>\n<p style=\"text-align: center;\"><span style=\"font-size:16px\"><span style=\"color:#696969\"><span style=\"font-family:georgia,serif\"><strong><a href=\"http:\/\/www.ugoman.eu\" rel=\"nofollow\">http:\/\/www.ugoman.eu<\/a><\/strong><\/span><\/span><\/span><\/p>\n<p style=\"text-align: center;\">&nbsp;<\/p>\n<p style=\"text-align: center;\"><span style=\"font-size:16px\"><span style=\"color:#696969\"><span style=\"font-family:georgia,serif\"><strong>Ne pute\u021bi contacta pentru cump\u0103rare sau<\/strong><\/span><\/span><\/span><\/p>\n<p style=\"text-align: center;\"><span style=\"font-size:16px\"><span style=\"color:#696969\"><span style=\"font-family:georgia,serif\"><strong>Informa\u021bii despre produs:<\/strong><\/span><\/span><\/span><\/p>\n<p style=\"text-align: center;\"><span style=\"font-size:16px\"><span style=\"color:#696969\"><span style=\"font-family:georgia,serif\"><strong>ugoman@abv.bg<\/strong><\/span><\/span><\/span><\/p>\n","protected":false},"excerpt":{"rendered":"[forminator_form id=\"138446\"]\n","protected":false},"featured_media":117485,"template":"","meta":{"advanced_seo_description":"","jetpack_seo_html_title":"","jetpack_seo_noindex":false,"jetpack_publicize_message":"","jetpack_publicize_feature_enabled":true,"jetpack_social_post_already_shared":false,"jetpack_social_options":{"image_generator_settings":{"template":"highway","default_image_id":0,"font":"","enabled":false},"version":2},"_wpas_customize_per_network":false},"product_brand":[],"product_cat":[3061,2965],"product_tag":[],"class_list":{"0":"post-45046","1":"product","2":"type-product","3":"status-publish","4":"has-post-thumbnail","6":"product_cat-femei1640255509","7":"product_cat-pandative1640255389","9":"first","10":"instock","11":"purchasable","12":"product-type-simple"},"exclude_global_add_ons":[],"addons":[],"gallery_images":[117493,117501,117088,115316],"jetpack_publicize_connections":[],"jetpack_likes_enabled":true,"jetpack_sharing_enabled":true,"_links":{"self":[{"href":"https:\/\/ugoman.net\/ro\/wp-json\/wp\/v2\/product\/45046","targetHints":{"allow":["GET"]}}],"collection":[{"href":"https:\/\/ugoman.net\/ro\/wp-json\/wp\/v2\/product"}],"about":[{"href":"https:\/\/ugoman.net\/ro\/wp-json\/wp\/v2\/types\/product"}],"wp:featuredmedia":[{"embeddable":true,"href":"https:\/\/ugoman.net\/ro\/wp-json\/wp\/v2\/media\/117485"}],"wp:attachment":[{"href":"https:\/\/ugoman.net\/ro\/wp-json\/wp\/v2\/media?parent=45046"}],"wp:term":[{"taxonomy":"product_brand","embeddable":true,"href":"https:\/\/ugoman.net\/ro\/wp-json\/wp\/v2\/product_brand?post=45046"},{"taxonomy":"product_cat","embeddable":true,"href":"https:\/\/ugoman.net\/ro\/wp-json\/wp\/v2\/product_cat?post=45046"},{"taxonomy":"product_tag","embeddable":true,"href":"https:\/\/ugoman.net\/ro\/wp-json\/wp\/v2\/product_tag?post=45046"}],"curies":[{"name":"wp","href":"https:\/\/api.w.org\/{rel}","templated":true}]}}