{"id":46558,"date":"2017-10-04T20:29:48","date_gmt":"2017-10-04T17:29:48","guid":{"rendered":"https:\/\/ugoman.net\/?product=pstainless-steel-anchorp"},"modified":"2024-02-01T10:18:54","modified_gmt":"2024-02-01T08:18:54","slug":"pstainless-steel-anchorp","status":"publish","type":"product","link":"https:\/\/ugoman.net\/ro\/produs\/pstainless-steel-anchorp\/","title":{"rendered":"Stainless Steel Anchor"},"content":{"rendered":"<p style=\"text-align: center;\"><span style=\"color:#808080\"><span style=\"font-size:18px\">BR\u0102\u021aIL\u0102 DE B\u0102RBAT<\/span><\/span><\/p>\n<p style=\"text-align: center;\"><span style=\"color:#808080\"><span style=\"font-size:18px\">&nbsp;Ancor\u0103 de o\u021bel<br \/>\n&nbsp; &nbsp; &nbsp; &nbsp; Num\u0103r articol: K79608<br \/>\nmaterial: o\u021bel inoxidabil 316L<br \/>\n&nbsp;lungime: 19 cm.<br \/>\n&nbsp; l\u0103\u021bime: 1 cm.<\/span><\/span><\/p>\n<p style=\"text-align: center;\"><span style=\"color:#808080\"><span style=\"font-size:18px\">Face\u021bi o impresie de neuitat cu ofertele noastre.<br \/>\nBijuteriile din o\u021bel inoxidabil UGOMAN sunt o modalitate excelent\u0103 de a ad\u0103uga stil look-ului t\u0103u. Tehnologia de realizare a bijuteriilor permite o precizie f\u0103r\u0103 compromisuri &icirc;n produc\u021bia lor p&acirc;n\u0103 la ultimul detaliu.<br \/>\nO\u021belul inoxidabil se caracterizeaz\u0103 printr-o rezisten\u021b\u0103 excep\u021bional\u0103 la coroziune \u0219i rugin\u0103, are cerin\u021be reduse de service \u0219i luciul s\u0103u familiar &icirc;l face un material ideal pentru marca noastr\u0103 de bijuterii &bdquo;UGOMAN&rdquo;.<br \/>\n&nbsp; &nbsp; &nbsp; Ve\u021bi primi bijuteriile noastre &icirc;n ambalajele companiei de lux \u0219i un certificat de autenticitate<br \/>\n&bdquo;UGOMAN&rdquo;.<\/span><\/span><\/p>\n<p style=\"text-align: center;\"><span style=\"color:#808080\"><span style=\"font-size:18px\">Pute\u021bi cump\u0103ra acest produs online de la<br \/>\n<a href=\"http:\/\/www.ugoman.eu\" rel=\"nofollow\">http:\/\/www.ugoman.eu<\/a><\/span><\/span><\/p>\n<p style=\"text-align: center;\">&nbsp;<\/p>\n<p style=\"text-align: center;\">\n<span style=\"color:#808080\"><span style=\"font-size:18px\">Ne pute\u021bi contacta pentru cump\u0103rare sau<br \/>\nInforma\u021bii despre produs:<br \/>\nugoman@abv.bg<\/span><\/span><\/p>\n","protected":false},"excerpt":{"rendered":"[forminator_form id=\"138446\"]\n","protected":false},"featured_media":52610,"template":"","meta":{"advanced_seo_description":"","jetpack_seo_html_title":"","jetpack_seo_noindex":false,"jetpack_publicize_message":"","jetpack_publicize_feature_enabled":true,"jetpack_social_post_already_shared":false,"jetpack_social_options":{"image_generator_settings":{"template":"highway","default_image_id":0,"font":"","enabled":false},"version":2},"_wpas_customize_per_network":false},"product_brand":[],"product_cat":[3005,3045],"product_tag":[],"class_list":{"0":"post-46558","1":"product","2":"type-product","3":"status-publish","4":"has-post-thumbnail","6":"product_cat-bratari","7":"product_cat-barbaesi1640255490","9":"first","10":"instock","11":"sale","12":"purchasable","13":"product-type-simple"},"exclude_global_add_ons":[],"addons":[],"gallery_images":[52611,52612,52604,146189,144976],"jetpack_publicize_connections":[],"jetpack_likes_enabled":true,"jetpack_sharing_enabled":true,"_links":{"self":[{"href":"https:\/\/ugoman.net\/ro\/wp-json\/wp\/v2\/product\/46558","targetHints":{"allow":["GET"]}}],"collection":[{"href":"https:\/\/ugoman.net\/ro\/wp-json\/wp\/v2\/product"}],"about":[{"href":"https:\/\/ugoman.net\/ro\/wp-json\/wp\/v2\/types\/product"}],"wp:featuredmedia":[{"embeddable":true,"href":"https:\/\/ugoman.net\/ro\/wp-json\/wp\/v2\/media\/52610"}],"wp:attachment":[{"href":"https:\/\/ugoman.net\/ro\/wp-json\/wp\/v2\/media?parent=46558"}],"wp:term":[{"taxonomy":"product_brand","embeddable":true,"href":"https:\/\/ugoman.net\/ro\/wp-json\/wp\/v2\/product_brand?post=46558"},{"taxonomy":"product_cat","embeddable":true,"href":"https:\/\/ugoman.net\/ro\/wp-json\/wp\/v2\/product_cat?post=46558"},{"taxonomy":"product_tag","embeddable":true,"href":"https:\/\/ugoman.net\/ro\/wp-json\/wp\/v2\/product_tag?post=46558"}],"curies":[{"name":"wp","href":"https:\/\/api.w.org\/{rel}","templated":true}]}}