{"id":48380,"date":"2019-04-23T22:49:42","date_gmt":"2019-04-23T19:49:42","guid":{"rendered":"https:\/\/ugoman.net\/?product=pchrome-rosep"},"modified":"2024-03-12T15:01:30","modified_gmt":"2024-03-12T13:01:30","slug":"pchrome-rosep","status":"publish","type":"product","link":"https:\/\/ugoman.net\/ro\/produs\/pchrome-rosep\/","title":{"rendered":"Chrome Rose"},"content":{"rendered":"<p style=\"text-align: center;\"><strong><span style=\"color: #000000;\">V\u0103 prezent\u0103m frumosul nostru colier &#8211; Rozariu Bullet Rose din o\u021bel pre\u021bios \u0219i pietre semipre\u021bioase naturale &#8211; Hematit \u0219i Bronzit \u201eRozariu cu trandafir cromat\u201d<\/span><\/strong><\/p>\n<p style=\"text-align: center;\"><span style=\"color: #000000;\">accesoriul perfect pentru cei care doresc s\u0103-\u0219i poarte credin\u021ba aproape de inim\u0103. Acest colier are un superb Glon\u021b de trandafir \u0219i pietre naturale de hematit \u0219i bronzit, realizate cu m\u0103iestrie din o\u021bel inoxidabil de \u00eenalt\u0103 calitate, extrem de durabil \u0219i un \u0219nur dublu de o\u021bel!<\/span><\/p>\n<p style=\"text-align: center;\"><strong><span style=\"color: #000000;\">Ca bonus special, includem o cutie frumoas\u0103 \u0219i o pung\u0103 cadou din velur \u0219i un certificat de calitate\u00a0la fiecare achizi\u021bie, f\u0103c\u00e2ndu-l un cadou perfect pentru cei dragi sau un r\u0103sf\u0103\u021b special pentru tine. Nu rata\u021bi aceast\u0103 oportunitate de a de\u021bine un accesoriu cu adev\u0103rat unic \u0219i semnificativ.<\/span><\/strong><\/p>\n<p style=\"text-align: center;\"><strong><span style=\"color: #000000;\">Glon\u021b-65 mm. Lungime-680 mm.<\/span><\/strong><\/p>\n<p style=\"text-align: center;\"><strong><span style=\"color: #000000;\">Hematit<\/span><\/strong><br \/>\n<strong><span style=\"color: #000000;\">8 mm.<\/span><\/strong><\/p>\n<p style=\"text-align: center;\"><span style=\"color: #000000;\"><img data-recalc-dims=\"1\" decoding=\"async\" class=\"aligncenter\" style=\"border: 0px; margin-bottom: 0px; margin-top: 0px; outline: none; vertical-align: baseline;\" src=\"https:\/\/i0.wp.com\/ugoman.net\/wp-content\/uploads\/content\/ynvMgjo_58nd.png?w=1100&#038;ssl=1\" alt=\"\" \/>Aceast\u0103 piatr\u0103 ajut\u0103 cu optimism, voin\u021b\u0103 \u0219i curaj, dizolv\u0103 negativitatea \u0219i protejeaz\u0103 sufletul. Este o piatr\u0103 lini\u015ftitoare dar ofer\u0103 \u015fi sprijin pentru speran\u0163ele, visele, dorin\u0163ele tale.<\/span><\/p>\n<p style=\"text-align: center;\"><strong><span style=\"color: #000000;\">Bronzit<\/span><\/strong><\/p>\n<p style=\"text-align: center;\"><strong><span style=\"color: #000000;\">8mm.<\/span><\/strong><\/p>\n<p><img data-recalc-dims=\"1\" decoding=\"async\" class=\"aligncenter\" style=\"background-color: #ffffff; border: 0px; font-family: sans-serif,arial,verdana,trebuchet ms; line-height: 20.8px; outline: none;\" src=\"https:\/\/i0.wp.com\/ugoman.net\/wp-content\/uploads\/content\/FOzAxDW_6nd.png?w=1100&#038;ssl=1\" alt=\"\" \/><\/p>\n<p style=\"text-align: center;\"><span style=\"color: #000000;\">Bronzitul este foarte util pentru a g\u0103si \u021biganul \u00een deciziile tale \u0219i pentru a prelua controlul asupra ac\u021biunilor tale.<\/span><\/p>\n<p style=\"text-align: center;\"><span style=\"color: #000000;\">Are propriet\u0103\u021bi protectoare \u0219i te protejeaz\u0103 de inten\u021bii \u0219i vr\u0103ji rele, av\u00e2nd capacitatea unic\u0103 de a permite celor care vor s\u0103 te atace celui care l-a plasat.<\/span><\/p>\n<p style=\"text-align: center;\"><span style=\"color: #000000;\">Bonsite absoarbe energia de \u00eemp\u0103m\u00e2ntare \u0219i cre\u0219te virilitat<\/span><span style=\"color: #000000;\">ea purt\u0103torului. Bijuteriile Bpontite sunt utile mai ales in citarile dificile, atunci cand simti ca lipseste un contor sau pierzi centrul intr-o citare data. Aceast\u0103 piatr\u0103 va aduce fericire \u0219i armonie \u00een via\u021ba ta.<\/span><\/p>\n<p style=\"text-align: center;\"><span style=\"color: #000000;\">La UGOMAN, ne \u00eenc\u00e2nt\u0103m s\u0103 cre\u0103m bijuterii care nu numai c\u0103 arat\u0103 frumos, dar au \u0219i un sens profund \u0219i o semnifica\u021bie.<\/span><\/p>\n<p style=\"text-align: center;\"><span style=\"color: #000000; font-family: comic sans ms, cursive;\"><span style=\"font-size: 18px;\"><b>\u00a0<\/b><\/span><\/span><\/p>\n","protected":false},"excerpt":{"rendered":"[forminator_form id=\"138446\"]\n","protected":false},"featured_media":48375,"template":"","meta":{"advanced_seo_description":"","jetpack_seo_html_title":"","jetpack_seo_noindex":false,"jetpack_publicize_message":"","jetpack_publicize_feature_enabled":true,"jetpack_social_post_already_shared":false,"jetpack_social_options":{"image_generator_settings":{"template":"highway","default_image_id":0,"font":"","enabled":false},"version":2},"_wpas_customize_per_network":false},"product_brand":[],"product_cat":[3045,2949],"product_tag":[],"class_list":{"0":"post-48380","1":"product","2":"type-product","3":"status-publish","4":"has-post-thumbnail","6":"product_cat-barbaesi1640255490","7":"product_cat-natural-stone-necklaces1640255370","9":"first","10":"instock","11":"purchasable","12":"product-type-simple"},"exclude_global_add_ons":[],"addons":[],"gallery_images":[48376,48377,119078,144976],"jetpack_publicize_connections":[],"jetpack_likes_enabled":true,"jetpack_sharing_enabled":true,"_links":{"self":[{"href":"https:\/\/ugoman.net\/ro\/wp-json\/wp\/v2\/product\/48380","targetHints":{"allow":["GET"]}}],"collection":[{"href":"https:\/\/ugoman.net\/ro\/wp-json\/wp\/v2\/product"}],"about":[{"href":"https:\/\/ugoman.net\/ro\/wp-json\/wp\/v2\/types\/product"}],"wp:featuredmedia":[{"embeddable":true,"href":"https:\/\/ugoman.net\/ro\/wp-json\/wp\/v2\/media\/48375"}],"wp:attachment":[{"href":"https:\/\/ugoman.net\/ro\/wp-json\/wp\/v2\/media?parent=48380"}],"wp:term":[{"taxonomy":"product_brand","embeddable":true,"href":"https:\/\/ugoman.net\/ro\/wp-json\/wp\/v2\/product_brand?post=48380"},{"taxonomy":"product_cat","embeddable":true,"href":"https:\/\/ugoman.net\/ro\/wp-json\/wp\/v2\/product_cat?post=48380"},{"taxonomy":"product_tag","embeddable":true,"href":"https:\/\/ugoman.net\/ro\/wp-json\/wp\/v2\/product_tag?post=48380"}],"curies":[{"name":"wp","href":"https:\/\/api.w.org\/{rel}","templated":true}]}}