{"id":48736,"date":"2020-06-09T05:00:45","date_gmt":"2020-06-09T02:00:45","guid":{"rendered":"https:\/\/ugoman.net\/?product=pjesus-saint-mary-in-silverp"},"modified":"2024-02-25T00:50:08","modified_gmt":"2024-02-24T22:50:08","slug":"pjesus-saint-mary-in-silverp","status":"publish","type":"product","link":"https:\/\/ugoman.net\/ro\/produs\/pjesus-saint-mary-in-silverp\/","title":{"rendered":"Jesus &#038; Saint Mary in Silver"},"content":{"rendered":"<p style=\"text-align: center;\"><strong><span style=\"color: #000000;\">V\u0103 prezent\u0103m frumoasa noastr\u0103 br\u0103\u021bar\u0103 din o\u021bel inoxidabil cu pietre naturale, semipre\u021bioase &#8211; Granat \u0219i Hematit<\/span><\/strong><\/p>\n<p style=\"text-align: center;\"><strong><span style=\"color: #000000;\">accesoriul perfect pentru cei care doresc s\u0103-\u0219i poarte credin\u021ba aproape de inim\u0103.<\/span><\/strong><\/p>\n<p style=\"text-align: center;\"><span style=\"color: #000000;\">Ca bonus special, includem o cutie frumoas\u0103 \u0219i o pung\u0103 cadou din velur \u0219i un certificat de calitate\u00a0la fiecare achizi\u021bie, f\u0103c\u00e2ndu-l un cadou perfect pentru cei dragi sau un r\u0103sf\u0103\u021b special pentru tine. Nu rata\u021bi aceast\u0103 oportunitate de a de\u021bine un accesoriu cu adev\u0103rat unic \u0219i semnificativ<\/span><\/p>\n<p style=\"text-align: center;\"><strong><span style=\"color: #000000;\">Granat &#8211; 4 mm.<\/span><\/strong><\/p>\n<p style=\"text-align: center;\"><strong><span style=\"color: #000000;\">Hematit &#8211; 4 mm.<\/span><\/strong><\/p>\n<p style=\"text-align: center;\"><span style=\"color: #000000;\">Ve\u021bi primi fiecare dintre produsele noastre \u00eentr-o geant\u0103 de velur luxoas\u0103 \u00eentr-o cutie cadou \u0219i un certificat de autenticitate \u201eUGOMAN\u201d<\/span><\/p>\n<p style=\"text-align: center;\"><strong><span style=\"color: #000000;\">Granat<\/span><\/strong><br \/>\n<strong><span style=\"color: #000000;\">4 mm.<\/span><\/strong><\/p>\n<p style=\"text-align: center;\"><span style=\"color: #000000;\"><img data-recalc-dims=\"1\" decoding=\"async\" src=\"https:\/\/i0.wp.com\/ugoman.net\/wp-content\/uploads\/content\/NO84632.png?w=1100&#038;ssl=1\" alt=\"\" \/><\/span><br \/>\n<span style=\"color: #000000;\">Puternic energizant \u0219i regenerant, este o piatr\u0103 de vitalitate, r\u0103bdare, curaj \u0219i perseveren\u021b\u0103. Purtarea granatului va atrage dragostea, va alunga depresia \u0219i va stimula g\u00e2ndirea.<\/span><\/p>\n<p style=\"text-align: center;\"><strong><span style=\"color: #000000;\">Hematit<\/span><\/strong><br \/>\n<strong><span style=\"color: #000000;\">4 mm.<\/span><\/strong><\/p>\n<p><span style=\"color: #000000;\"><img data-recalc-dims=\"1\" decoding=\"async\" class=\"aligncenter\" src=\"https:\/\/i0.wp.com\/ugoman.net\/wp-content\/uploads\/content\/ynvMgjo_58nd.png?w=1100&#038;ssl=1\" alt=\"\" \/><\/span><\/p>\n<p style=\"text-align: center;\"><span style=\"color: #000000;\">Aceast\u0103 piatr\u0103 ajut\u0103 cu optimism, voin\u021b\u0103 \u0219i curaj, dizolv\u0103 negativitatea \u0219i protejeaz\u0103 sufletul. Este o piatr\u0103 lini\u015ftitoare dar ofer\u0103 \u015fi sprijin pentru speran\u0163ele, visele, dorin\u0163ele tale.<\/span><\/p>\n<p style=\"text-align: center;\">\n","protected":false},"excerpt":{"rendered":"[forminator_form id=\"138446\"]\n","protected":false},"featured_media":48728,"template":"","meta":{"advanced_seo_description":"","jetpack_seo_html_title":"","jetpack_seo_noindex":false,"jetpack_publicize_message":"","jetpack_publicize_feature_enabled":true,"jetpack_social_post_already_shared":false,"jetpack_social_options":{"image_generator_settings":{"template":"highway","default_image_id":0,"font":"","enabled":false},"version":2},"_wpas_customize_per_network":false},"product_brand":[],"product_cat":[3005,2957,3045],"product_tag":[],"class_list":{"0":"post-48736","1":"product","2":"type-product","3":"status-publish","4":"has-post-thumbnail","6":"product_cat-bratari","7":"product_cat-natural-stone-bracelets1640255379","8":"product_cat-barbaesi1640255490","10":"first","11":"instock","12":"sale","13":"product-type-variable"},"exclude_global_add_ons":[],"addons":[],"gallery_images":[48729,48730,48731,48732,48733,116094,144976],"jetpack_publicize_connections":[],"jetpack_likes_enabled":true,"jetpack_sharing_enabled":true,"_links":{"self":[{"href":"https:\/\/ugoman.net\/ro\/wp-json\/wp\/v2\/product\/48736","targetHints":{"allow":["GET"]}}],"collection":[{"href":"https:\/\/ugoman.net\/ro\/wp-json\/wp\/v2\/product"}],"about":[{"href":"https:\/\/ugoman.net\/ro\/wp-json\/wp\/v2\/types\/product"}],"wp:featuredmedia":[{"embeddable":true,"href":"https:\/\/ugoman.net\/ro\/wp-json\/wp\/v2\/media\/48728"}],"wp:attachment":[{"href":"https:\/\/ugoman.net\/ro\/wp-json\/wp\/v2\/media?parent=48736"}],"wp:term":[{"taxonomy":"product_brand","embeddable":true,"href":"https:\/\/ugoman.net\/ro\/wp-json\/wp\/v2\/product_brand?post=48736"},{"taxonomy":"product_cat","embeddable":true,"href":"https:\/\/ugoman.net\/ro\/wp-json\/wp\/v2\/product_cat?post=48736"},{"taxonomy":"product_tag","embeddable":true,"href":"https:\/\/ugoman.net\/ro\/wp-json\/wp\/v2\/product_tag?post=48736"}],"curies":[{"name":"wp","href":"https:\/\/api.w.org\/{rel}","templated":true}]}}