{"id":49102,"date":"2020-12-24T00:52:18","date_gmt":"2020-12-23T22:52:18","guid":{"rendered":"https:\/\/ugoman.net\/?product=pthe-sunp"},"modified":"2024-02-21T16:51:58","modified_gmt":"2024-02-21T14:51:58","slug":"pthe-sunp","status":"publish","type":"product","link":"https:\/\/ugoman.net\/ro\/produs\/pthe-sunp\/","title":{"rendered":"The Sun"},"content":{"rendered":"<p style=\"text-align: center;\"><strong><span style=\"color: #000000;\">V\u0103 prezent\u0103m frumosul nostru medalion pentru femei \u201eThe Sun\u201d.<\/span><\/strong><\/p>\n<p style=\"text-align: center;\"><strong><span style=\"color: #000000;\">din o\u021bel inoxidabil \u2013 accesoriul perfect.<\/span><\/strong><\/p>\n<p style=\"text-align: center;\"><strong><span style=\"color: #000000;\">lungime: 400-450 mm.<\/span><\/strong><\/p>\n<p style=\"text-align: center;\"><span style=\"color: #000000;\">Ca bonus special, includem o cutie frumoas\u0103 \u0219i o pung\u0103 cadou din velur \u0219i un certificat de calitate\u00a0la fiecare achizi\u021bie, f\u0103c\u00e2ndu-l un cadou perfect pentru cei dragi sau un r\u0103sf\u0103\u021b special pentru tine. Nu rata\u021bi aceast\u0103 oportunitate de a de\u021bine un accesoriu cu adev\u0103rat unic \u0219i semnificativ.<\/span><\/p>\n<p style=\"text-align: center;\"><span style=\"color: #000000;\">Complet cu un lan\u021b minunat, realizat cu m\u0103iestrie din o\u021bel inoxidabil de \u00eenalt\u0103 calitate, foarte durabil!<\/span><\/p>\n<p style=\"text-align: center;\">\n<p style=\"text-align: center;\"><span style=\"color: #000000;\">Anun\u0163:<\/span><\/p>\n<p style=\"text-align: center;\"><span style=\"color: #000000;\">Face\u021bi o impresie de neuitat cu ofertele noastre.<\/span><\/p>\n<p style=\"text-align: center;\"><span style=\"color: #000000;\">Bijuteriile din o\u021bel inoxidabil UGOMAN sunt o modalitate excelent\u0103 de a ad\u0103uga stil look-ului t\u0103u. Tehnologia de realizare a bijuteriilor permite o precizie f\u0103r\u0103 compromis \u00een produc\u021bia lor p\u00e2n\u0103 la ultimul detaliu.<\/span><\/p>\n<p style=\"text-align: center;\"><span style=\"color: #000000;\">O\u021belul nobil are o rezisten\u021b\u0103 excep\u021bional\u0103 la coroziune \u0219i rugin\u0103, cerin\u021be reduse de \u00eentre\u021binere \u0219i luciul s\u0103u familiar \u00eel fac un material ideal pentru bijuteriile marca UGOMAN.<\/span><\/p>\n<p style=\"text-align: center;\"><span style=\"color: #000000;\">Acoperirea PVD (Physical Vapor Deposition) a fost utilizat\u0103 ini\u021bial \u00een produc\u021bia de produse pentru armat\u0103, necesit\u00e2nd o rezisten\u021b\u0103 sporit\u0103 la uzur\u0103 a pieselor metalice. De\u0219i \u00eenveli\u0219ul aplicat prin metoda PVD este de obicei de doar c\u00e2\u021biva microni, moleculele sale sunt at\u00e2t de legate de cele ale metalului \u00eenc\u00e2t, odat\u0103 aplicat\u0103, este foarte greu (aproape imposibil) s\u0103 fie \u00eendep\u0103rtat de pe piesele metalice pe care este aplicat. .<\/span><\/p>\n","protected":false},"excerpt":{"rendered":"[forminator_form id=\"138446\"]\n","protected":false},"featured_media":49094,"template":"","meta":{"advanced_seo_description":"","jetpack_seo_html_title":"","jetpack_seo_noindex":false,"jetpack_publicize_message":"","jetpack_publicize_feature_enabled":true,"jetpack_social_post_already_shared":false,"jetpack_social_options":{"image_generator_settings":{"template":"highway","default_image_id":0,"font":"","enabled":false},"version":2},"_wpas_customize_per_network":false},"product_brand":[],"product_cat":[3061,2965],"product_tag":[],"class_list":{"0":"post-49102","1":"product","2":"type-product","3":"status-publish","4":"has-post-thumbnail","6":"product_cat-femei1640255509","7":"product_cat-pandative1640255389","9":"first","10":"instock","11":"purchasable","12":"product-type-simple"},"exclude_global_add_ons":[],"addons":[],"gallery_images":[49095,49096,49097,49098,49099,119078,144976],"jetpack_publicize_connections":[],"jetpack_likes_enabled":true,"jetpack_sharing_enabled":true,"_links":{"self":[{"href":"https:\/\/ugoman.net\/ro\/wp-json\/wp\/v2\/product\/49102","targetHints":{"allow":["GET"]}}],"collection":[{"href":"https:\/\/ugoman.net\/ro\/wp-json\/wp\/v2\/product"}],"about":[{"href":"https:\/\/ugoman.net\/ro\/wp-json\/wp\/v2\/types\/product"}],"wp:featuredmedia":[{"embeddable":true,"href":"https:\/\/ugoman.net\/ro\/wp-json\/wp\/v2\/media\/49094"}],"wp:attachment":[{"href":"https:\/\/ugoman.net\/ro\/wp-json\/wp\/v2\/media?parent=49102"}],"wp:term":[{"taxonomy":"product_brand","embeddable":true,"href":"https:\/\/ugoman.net\/ro\/wp-json\/wp\/v2\/product_brand?post=49102"},{"taxonomy":"product_cat","embeddable":true,"href":"https:\/\/ugoman.net\/ro\/wp-json\/wp\/v2\/product_cat?post=49102"},{"taxonomy":"product_tag","embeddable":true,"href":"https:\/\/ugoman.net\/ro\/wp-json\/wp\/v2\/product_tag?post=49102"}],"curies":[{"name":"wp","href":"https:\/\/api.w.org\/{rel}","templated":true}]}}