{"id":53847,"date":"2020-01-29T18:15:21","date_gmt":"2020-01-29T16:15:21","guid":{"rendered":"https:\/\/ugoman.net\/?product=pgod-protects-youp"},"modified":"2024-02-25T22:53:25","modified_gmt":"2024-02-25T20:53:25","slug":"pgod-protects-youp","status":"publish","type":"product","link":"https:\/\/ugoman.net\/ro\/produs\/pgod-protects-youp\/","title":{"rendered":"God Protects You"},"content":{"rendered":"<p style=\"text-align: center;\"><strong><span style=\"color: #000000;\">V\u0103 prezent\u0103m frumoasa noastr\u0103 br\u0103\u021bar\u0103 de la<\/span><\/strong><\/p>\n<p style=\"text-align: center;\"><strong><span style=\"color: #000000;\">din otel inoxidabil &#8211; accesoriul perfect.<\/span><\/strong><\/p>\n<p style=\"text-align: center;\"><strong><span style=\"color: #000000;\">La UGOMAN, ne \u00eenc\u00e2nt\u0103m s\u0103 cre\u0103m bijuterii care nu numai c\u0103 arat\u0103 frumos, dar au \u0219i semnifica\u021bie profund\u0103 \u0219i semnifica\u021bie.<\/span><\/strong><\/p>\n<p style=\"text-align: center;\"><span style=\"color: #000000;\">Ca bonus special, includem o cutie frumoas\u0103 \u0219i o pung\u0103 cadou din velur \u0219i un certificat de calitate\u00a0la fiecare achizi\u021bie, f\u0103c\u00e2ndu-l un cadou perfect pentru cei dragi sau un r\u0103sf\u0103\u021b special pentru tine. Nu rata\u021bi aceast\u0103 oportunitate de a de\u021bine un accesoriu cu adev\u0103rat unic \u0219i semnificativ.<\/span><\/p>\n<p style=\"text-align: center;\"><strong><span style=\"color: #000000;\">Comanda acum \u0219i las\u0103 credin\u021ba s\u0103 te inspire \u00een fiecare zi.<\/span><\/strong><\/p>\n<p style=\"text-align: center;\"><strong><span style=\"color: #000000;\">\u201eDumnezeu te protejeaz\u0103\u201d<\/span><\/strong><br \/>\n<strong><span style=\"color: #000000;\">material: o\u021bel inoxidabil 316L \u0219i piele<\/span><\/strong><br \/>\n<strong><span style=\"color: #000000;\">lungime: 18,5 cm.<\/span><\/strong><br \/>\n<strong><span style=\"color: #000000;\">latime: 1 cm.<\/span><\/strong><\/p>\n<p style=\"text-align: center;\"><span style=\"color: #000000;\">Face\u021bi o impresie de neuitat cu ofertele noastre.<\/span><br \/>\n<span style=\"color: #000000;\">Bijuteriile din o\u021bel inoxidabil UGOMAN sunt o modalitate excelent\u0103 de a ad\u0103uga stil look-ului t\u0103u. Tehnologia de realizare a bijuteriilor permite o precizie f\u0103r\u0103 compromis \u00een fabricarea lor p\u00e2n\u0103 la ultimul detaliu.<\/span><br \/>\n<span style=\"color: #000000;\">Rezisten\u021ba excep\u021bional\u0103 la coroziune \u0219i rugin\u0103 a o\u021belului inoxidabil, cerin\u021bele reduse de \u00eentre\u021binere \u0219i luciul familiar \u00eel fac un material ideal pentru bijuteriile marca UGOMAN.<\/span><\/p>\n","protected":false},"excerpt":{"rendered":"[forminator_form id=\"138446\"]\n","protected":false},"featured_media":53840,"template":"","meta":{"advanced_seo_description":"","jetpack_seo_html_title":"","jetpack_seo_noindex":false,"jetpack_publicize_message":"","jetpack_publicize_feature_enabled":true,"jetpack_social_post_already_shared":false,"jetpack_social_options":{"image_generator_settings":{"template":"highway","default_image_id":0,"font":"","enabled":false},"version":2},"_wpas_customize_per_network":false},"product_brand":[],"product_cat":[3005,3045],"product_tag":[],"class_list":{"0":"post-53847","1":"product","2":"type-product","3":"status-publish","4":"has-post-thumbnail","6":"product_cat-bratari","7":"product_cat-barbaesi1640255490","9":"first","10":"instock","11":"purchasable","12":"product-type-simple"},"exclude_global_add_ons":[],"addons":[],"gallery_images":[53841,53843,119078,144976],"jetpack_publicize_connections":[],"jetpack_likes_enabled":true,"jetpack_sharing_enabled":true,"_links":{"self":[{"href":"https:\/\/ugoman.net\/ro\/wp-json\/wp\/v2\/product\/53847","targetHints":{"allow":["GET"]}}],"collection":[{"href":"https:\/\/ugoman.net\/ro\/wp-json\/wp\/v2\/product"}],"about":[{"href":"https:\/\/ugoman.net\/ro\/wp-json\/wp\/v2\/types\/product"}],"wp:featuredmedia":[{"embeddable":true,"href":"https:\/\/ugoman.net\/ro\/wp-json\/wp\/v2\/media\/53840"}],"wp:attachment":[{"href":"https:\/\/ugoman.net\/ro\/wp-json\/wp\/v2\/media?parent=53847"}],"wp:term":[{"taxonomy":"product_brand","embeddable":true,"href":"https:\/\/ugoman.net\/ro\/wp-json\/wp\/v2\/product_brand?post=53847"},{"taxonomy":"product_cat","embeddable":true,"href":"https:\/\/ugoman.net\/ro\/wp-json\/wp\/v2\/product_cat?post=53847"},{"taxonomy":"product_tag","embeddable":true,"href":"https:\/\/ugoman.net\/ro\/wp-json\/wp\/v2\/product_tag?post=53847"}],"curies":[{"name":"wp","href":"https:\/\/api.w.org\/{rel}","templated":true}]}}