{"id":74668,"date":"2018-10-28T14:03:38","date_gmt":"2018-10-28T12:03:38","guid":{"rendered":"https:\/\/ugoman.net\/?product=prose-gold-elements-ringp"},"modified":"2024-02-01T09:49:07","modified_gmt":"2024-02-01T07:49:07","slug":"prose-gold-elements-ringp","status":"publish","type":"product","link":"https:\/\/ugoman.net\/ro\/produs\/prose-gold-elements-ringp\/","title":{"rendered":"Rose Gold Elements Ring"},"content":{"rendered":"<p style=\"text-align: center;\"><span style=\"color:#696969\"><span style=\"font-size:16px\"><span style=\"font-family:georgia,serif\"><strong>Inelul pentru femei<\/strong><\/span><\/span><\/span><\/p>\n<p style=\"text-align: center;\"><span style=\"color:#696969\"><span style=\"font-size:16px\"><span style=\"font-family:georgia,serif\"><strong>&quot;Inel cu elemente din aur roz&quot;<\/strong><\/span><\/span><\/span><\/p>\n<p style=\"text-align: center;\"><span style=\"color:#696969\"><span style=\"font-size:16px\"><span style=\"font-family:georgia,serif\"><strong>&nbsp; &nbsp;Num\u0103r articol: J24054<br \/>\nmaterial: o\u021bel inoxidabil 316L \u0219i PVD ro\u0219u<br \/>\npietre semipre\u021bioase: onix, sidef, zirconiu<br \/>\n&nbsp;dimensiuni: Dimensiune 6 \/ 16.45 mm \/ EU 53<br \/>\n&nbsp; &nbsp; &nbsp; &nbsp; &nbsp; &nbsp; &nbsp; &nbsp; &nbsp; &nbsp; &nbsp; Dimensiune 7 \/ 17,3 mm \/ EU 55<\/strong><\/span><\/span><\/span><\/p>\n<p style=\"text-align: center;\">&nbsp;<\/p>\n<p style=\"text-align: center;\"><span style=\"color:#696969\"><span style=\"font-size:16px\"><span style=\"font-family:georgia,serif\"><strong>Face\u021bi o impresie de neuitat cu ofertele noastre.<br \/>\nBijuteriile din o\u021bel inoxidabil UGOMAN sunt o modalitate excelent\u0103 de a ad\u0103uga stil look-ului t\u0103u. Tehnologia de realizare a bijuteriilor permite o precizie f\u0103r\u0103 compromisuri &icirc;n produc\u021bia lor p&acirc;n\u0103 la ultimul detaliu.<br \/>\nO\u021belul inoxidabil se caracterizeaz\u0103 printr-o rezisten\u021b\u0103 excep\u021bional\u0103 la coroziune \u0219i rugin\u0103, are cerin\u021be reduse de service \u0219i luciul s\u0103u familiar &icirc;l face un material ideal pentru marca noastr\u0103 de bijuterii &bdquo;UGOMAN&rdquo;.<\/strong><\/span><\/span><\/span><\/p>\n<p style=\"text-align: center;\"><span style=\"color:#696969\"><span style=\"font-size:16px\"><span style=\"font-family:georgia,serif\"><strong>&nbsp;Acoperirea PVD (Physical Vapor Deposition) a fost ini\u021bial utilizat\u0103 la fabricarea produselor destinate militarilor, necesit&acirc;nd o rezisten\u021b\u0103 sporit\u0103 la uzur\u0103 a pieselor metalice. De\u0219i &icirc;nveli\u0219ul aplicat prin metoda PVD este de obicei doar c&acirc;\u021biva microni, moleculele sale se leag\u0103 de cele ale metalului &icirc;n a\u0219a fel &icirc;nc&acirc;t este foarte dificil (aproape imposibil) s\u0103 le &icirc;ndep\u0103rta\u021bi de pe p\u0103r\u021bile metalice pe care este aplicat imediat dup\u0103 aplicare.<br \/>\n&nbsp; &nbsp; &nbsp; Ve\u021bi primi bijuteriile noastre &icirc;n ambalajele companiei de lux \u0219i un certificat de autenticitate<br \/>\n&bdquo;UGOMAN&rdquo;.<\/strong><\/span><\/span><\/span><\/p>\n<p style=\"text-align: center;\"><span style=\"color:#696969\"><span style=\"font-size:16px\"><span style=\"font-family:georgia,serif\"><strong>Pute\u021bi cump\u0103ra acest produs online de la<br \/>\n<a href=\"http:\/\/www.ugoman.eu\" rel=\"nofollow\">http:\/\/www.ugoman.eu<\/a><\/strong><\/span><\/span><\/span><\/p>\n<p style=\"text-align: center;\"><span style=\"color:#696969\"><span style=\"font-size:16px\"><span style=\"font-family:georgia,serif\"><strong>sau la magazinul nostru<br \/>\nsituat &icirc;n:<\/strong><\/span><\/span><\/span><br \/>\n&nbsp;<\/p>\n<p style=\"text-align: center;\"><span style=\"color:#696969\"><span style=\"font-size:16px\"><span style=\"font-family:georgia,serif\"><strong>Showroom UGOMAN &#8211; etajul 2<br \/>\nStr. &quot;Ing. Georgi Belov&quot; 25<br \/>\nSofia<\/strong><\/span><\/span><\/span><\/p>\n<p style=\"text-align: center;\"><span style=\"color:#696969\"><span style=\"font-size:16px\"><span style=\"font-family:georgia,serif\"><strong>Ne pute\u021bi contacta pentru cump\u0103rare sau<br \/>\nInforma\u021bii despre produs:<br \/>\nugoman@abv.bg<\/strong><\/span><\/span><\/span><\/p>\n","protected":false},"excerpt":{"rendered":"[forminator_form id=\"138446\"]\n","protected":false},"featured_media":100798,"template":"","meta":{"advanced_seo_description":"","jetpack_seo_html_title":"","jetpack_seo_noindex":false,"jetpack_publicize_message":"","jetpack_publicize_feature_enabled":true,"jetpack_social_post_already_shared":false,"jetpack_social_options":{"image_generator_settings":{"template":"highway","default_image_id":0,"font":"","enabled":false},"version":2},"_wpas_customize_per_network":false},"product_brand":[],"product_cat":[3061,2981],"product_tag":[],"class_list":{"0":"post-74668","1":"product","2":"type-product","3":"status-publish","4":"has-post-thumbnail","6":"product_cat-femei1640255509","7":"product_cat-inele1640255414","9":"first","10":"instock","11":"purchasable","12":"product-type-variable"},"exclude_global_add_ons":[],"addons":[],"gallery_images":[100824,100825,100826,100827,144976,135364],"jetpack_publicize_connections":[],"jetpack_likes_enabled":true,"jetpack_sharing_enabled":true,"_links":{"self":[{"href":"https:\/\/ugoman.net\/ro\/wp-json\/wp\/v2\/product\/74668","targetHints":{"allow":["GET"]}}],"collection":[{"href":"https:\/\/ugoman.net\/ro\/wp-json\/wp\/v2\/product"}],"about":[{"href":"https:\/\/ugoman.net\/ro\/wp-json\/wp\/v2\/types\/product"}],"wp:featuredmedia":[{"embeddable":true,"href":"https:\/\/ugoman.net\/ro\/wp-json\/wp\/v2\/media\/100798"}],"wp:attachment":[{"href":"https:\/\/ugoman.net\/ro\/wp-json\/wp\/v2\/media?parent=74668"}],"wp:term":[{"taxonomy":"product_brand","embeddable":true,"href":"https:\/\/ugoman.net\/ro\/wp-json\/wp\/v2\/product_brand?post=74668"},{"taxonomy":"product_cat","embeddable":true,"href":"https:\/\/ugoman.net\/ro\/wp-json\/wp\/v2\/product_cat?post=74668"},{"taxonomy":"product_tag","embeddable":true,"href":"https:\/\/ugoman.net\/ro\/wp-json\/wp\/v2\/product_tag?post=74668"}],"curies":[{"name":"wp","href":"https:\/\/api.w.org\/{rel}","templated":true}]}}