{"id":75028,"date":"2019-09-24T20:49:31","date_gmt":"2019-09-24T17:49:31","guid":{"rendered":"https:\/\/ugoman.net\/?product=pthe-golden-wingsp"},"modified":"2024-03-08T19:45:58","modified_gmt":"2024-03-08T17:45:58","slug":"pthe-golden-wingsp","status":"publish","type":"product","link":"https:\/\/ugoman.net\/ro\/produs\/pthe-golden-wingsp\/","title":{"rendered":"The Golden Wings"},"content":{"rendered":"<p style=\"text-align: center;\"><strong><span style=\"color: #000000;\">V\u0103 prezent\u0103m inelul nostru de frumuse\u021be, realizat cu m\u0103iestrie din o\u021bel inoxidabil cu placare cu aur de 18k<\/span><\/strong><\/p>\n<p style=\"text-align: center;\"><strong><span style=\"color: #000000;\">\u2013 Accesoriul perfect<\/span><\/strong><\/p>\n<p style=\"text-align: center;\"><strong><span style=\"color: #000000;\">Ca bonus special, includem o cutie frumoas\u0103 \u0219i o pung\u0103 cadou din velur \u0219i un certificat de calitate\u00a0la fiecare achizi\u021bie, f\u0103c\u00e2ndu-l un cadou perfect pentru cei dragi sau un r\u0103sf\u0103\u021b special pentru tine. Nu rata\u021bi aceast\u0103 oportunitate de a de\u021bine un accesoriu cu adev\u0103rat unic \u0219i semnificativ.<\/span><\/strong><\/p>\n<p style=\"text-align: center;\"><strong><span style=\"color: #000000;\">Comanda acum \u0219i las\u0103 credin\u021ba s\u0103 te inspire \u00een fiecare zi.<\/span><\/strong><\/p>\n<p style=\"text-align: center;\"><strong><span style=\"color: #000000;\">Themis<\/span><\/strong><\/p>\n<p style=\"text-align: center;\"><strong><span style=\"color: #000000;\">dimensiuni:<\/span><\/strong><\/p>\n<p style=\"text-align: center;\"><strong><span style=\"color: #000000;\">Dimensiune 10 \/ 19,8 mm \/ EU 62-63<\/span><\/strong><\/p>\n<p style=\"text-align: center;\"><strong><span style=\"color: #000000;\">Dimensiune 11 \/ 20,6 mm \/ EU 64-65<\/span><\/strong><\/p>\n<p style=\"text-align: center;\"><strong><span style=\"color: #000000;\">\u201ePiatra Neagr\u0103\u201d<\/span><\/strong><\/p>\n<p style=\"text-align: center;\"><strong><span style=\"color: #000000;\">num\u0103r articol: Z07085<\/span><\/strong><br \/>\n<strong><span style=\"color: #000000;\">material: o\u021bel nobil 316L<\/span><\/strong><br \/>\n<strong><span style=\"color: #000000;\">pietre semipretioase: onix<\/span><\/strong><\/p>\n<p style=\"text-align: center;\">\n<p style=\"text-align: center;\"><span style=\"color: #000000;\">Face\u021bi o impresie de neuitat cu ofertele noastre.<\/span><br \/>\n<span style=\"color: #000000;\">Bijuteriile din o\u021bel inoxidabil UGOMAN sunt o modalitate excelent\u0103 de a ad\u0103uga stil look-ului t\u0103u. Tehnologia de realizare a bijuteriilor permite o precizie f\u0103r\u0103 compromis \u00een fabricarea lor p\u00e2n\u0103 la ultimul detaliu.<\/span><\/p>\n<p style=\"text-align: center;\"><span style=\"color: #000000;\">Onix<\/span><\/p>\n<p style=\"text-align: center;\">\n<p style=\"text-align: center;\"><span style=\"color: #000000;\">Onixul\u00a0ajut\u0103 la eliminarea g\u00e2ndirii negative \u0219i a stresului \u0219i este bun pentru medita\u021bie \u0219i vise pozitive. Inspir\u0103 g\u00e2ndirea \u0219i spiritualitatea, ajut\u0103 la \u021binerea sub control a emo\u021biilor \u0219i pasiunilor.<\/span><\/p>\n<p style=\"text-align: center;\">\n<span style=\"color: #000000;\">Rezisten\u021ba excep\u021bional\u0103 la coroziune \u0219i rugin\u0103 a o\u021belului inoxidabil, cerin\u021bele reduse de \u00eentre\u021binere \u0219i luciul familiar \u00eel fac un material ideal pentru bijuteriile noastre marca UGOMAN.<\/span><\/p>\n<p style=\"text-align: center;\">\n<span style=\"color: #000000;\">La UGOMAN, ne m\u00e2ndrim cu crearea de bijuterii care nu numai c\u0103 arat\u0103 frumos, dar au \u0219i o semnifica\u021bie \u0219i o semnifica\u021bie profund\u0103.<\/span><\/p>\n","protected":false},"excerpt":{"rendered":"[forminator_form id=\"138446\"]\n","protected":false},"featured_media":101352,"template":"","meta":{"advanced_seo_description":"","jetpack_seo_html_title":"","jetpack_seo_noindex":false,"jetpack_publicize_message":"","jetpack_publicize_feature_enabled":true,"jetpack_social_post_already_shared":false,"jetpack_social_options":{"image_generator_settings":{"template":"highway","default_image_id":0,"font":"","enabled":false},"version":2},"_wpas_customize_per_network":false},"product_brand":[],"product_cat":[3045,3029],"product_tag":[],"class_list":{"0":"post-75028","1":"product","2":"type-product","3":"status-publish","4":"has-post-thumbnail","6":"product_cat-barbaesi1640255490","7":"product_cat-inele","9":"first","10":"instock","11":"purchasable","12":"product-type-variable"},"exclude_global_add_ons":[],"addons":[],"gallery_images":[101383,101384,101385,101386,101387,144976,135364],"jetpack_publicize_connections":[],"jetpack_likes_enabled":true,"jetpack_sharing_enabled":true,"_links":{"self":[{"href":"https:\/\/ugoman.net\/ro\/wp-json\/wp\/v2\/product\/75028","targetHints":{"allow":["GET"]}}],"collection":[{"href":"https:\/\/ugoman.net\/ro\/wp-json\/wp\/v2\/product"}],"about":[{"href":"https:\/\/ugoman.net\/ro\/wp-json\/wp\/v2\/types\/product"}],"wp:featuredmedia":[{"embeddable":true,"href":"https:\/\/ugoman.net\/ro\/wp-json\/wp\/v2\/media\/101352"}],"wp:attachment":[{"href":"https:\/\/ugoman.net\/ro\/wp-json\/wp\/v2\/media?parent=75028"}],"wp:term":[{"taxonomy":"product_brand","embeddable":true,"href":"https:\/\/ugoman.net\/ro\/wp-json\/wp\/v2\/product_brand?post=75028"},{"taxonomy":"product_cat","embeddable":true,"href":"https:\/\/ugoman.net\/ro\/wp-json\/wp\/v2\/product_cat?post=75028"},{"taxonomy":"product_tag","embeddable":true,"href":"https:\/\/ugoman.net\/ro\/wp-json\/wp\/v2\/product_tag?post=75028"}],"curies":[{"name":"wp","href":"https:\/\/api.w.org\/{rel}","templated":true}]}}