{"id":75388,"date":"2020-02-25T18:18:04","date_gmt":"2020-02-25T16:18:04","guid":{"rendered":"https:\/\/ugoman.net\/?product=pspan-stylebackground-colorrgb255-255-255-colorrgb51-51-51-font-familysans-serifarialverdanatrebuchet-ms-font-size13pxtiger-eye-stonespanp"},"modified":"2024-02-25T22:35:54","modified_gmt":"2024-02-25T20:35:54","slug":"pspan-stylebackground-colorrgb255-255-255-colorrgb51-51-51-font-familysans-serifarialverdanatrebuchet-ms-font-size13pxtiger-eye-stonespanp","status":"publish","type":"product","link":"https:\/\/ugoman.net\/ro\/produs\/pspan-stylebackground-colorrgb255-255-255-colorrgb51-51-51-font-familysans-serifarialverdanatrebuchet-ms-font-size13pxtiger-eye-stonespanp\/","title":{"rendered":"Tiger eye stone"},"content":{"rendered":"<p style=\"text-align: center;\"><strong><span style=\"color: #000000;\">V\u0103 prezent\u0103m inelul nostru de frumuse\u021be, realizat cu m\u0103iestrie din o\u021bel inoxidabil placat cu aur de 18k \u0219i Ochi de Tigru &#8211; Accesoriul perfect<\/span><\/strong><\/p>\n<p style=\"text-align: center;\"><span style=\"color: #000000;\">Ca bonus special, includem o cutie frumoas\u0103 \u0219i o pung\u0103 cadou din velur \u0219i un certificat de calitate\u00a0la fiecare achizi\u021bie, f\u0103c\u00e2ndu-l un cadou perfect pentru cei dragi sau un r\u0103sf\u0103\u021b special pentru tine. Nu rata\u021bi aceast\u0103 oportunitate de a de\u021bine un accesoriu cu adev\u0103rat unic \u0219i semnificativ.<\/span><\/p>\n<p style=\"text-align: center;\"><strong><span style=\"color: #000000;\">Comanda acum \u0219i las\u0103 credin\u021ba s\u0103 te inspire \u00een fiecare zi.<\/span><\/strong><\/p>\n<p style=\"text-align: center;\"><strong><span style=\"color: #000000;\">material: o\u021bel nobil 316L \u0219i acoperire cu aur 18k<\/span><\/strong><\/p>\n<p style=\"text-align: center;\"><strong><span style=\"color: #000000;\">pietre semipre\u021bioase: ochi de tigru.<\/span><\/strong><\/p>\n<p style=\"text-align: center;\"><span style=\"color: #000000;\">Face\u021bi o impresie de neuitat cu ofertele noastre.<\/span><br \/>\n<span style=\"color: #000000;\">Bijuteriile din o\u021bel inoxidabil UGOMAN sunt o modalitate excelent\u0103 de a ad\u0103uga stil look-ului t\u0103u. Tehnologia de realizare a bijuteriilor permite o precizie f\u0103r\u0103 compromis \u00een fabricarea lor p\u00e2n\u0103 la ultimul detaliu.<\/span><br \/>\n<span style=\"color: #000000;\">Rezisten\u021ba excep\u021bional\u0103 la coroziune \u0219i rugin\u0103 a o\u021belului inoxidabil, cerin\u021bele reduse de \u00eentre\u021binere \u0219i luciul familiar \u00eel fac un material ideal pentru bijuteriile noastre marca UGOMAN.<\/span><\/p>\n","protected":false},"excerpt":{"rendered":"[forminator_form id=\"138446\"]\n","protected":false},"featured_media":101842,"template":"","meta":{"advanced_seo_description":"","jetpack_seo_html_title":"","jetpack_seo_noindex":false,"jetpack_publicize_message":"","jetpack_publicize_feature_enabled":true,"jetpack_social_post_already_shared":false,"jetpack_social_options":{"image_generator_settings":{"template":"highway","default_image_id":0,"font":"","enabled":false},"version":2},"_wpas_customize_per_network":false},"product_brand":[],"product_cat":[3045,3029],"product_tag":[],"class_list":{"0":"post-75388","1":"product","2":"type-product","3":"status-publish","4":"has-post-thumbnail","6":"product_cat-barbaesi1640255490","7":"product_cat-inele","9":"first","10":"instock","11":"purchasable","12":"product-type-variable","13":"has-default-attributes"},"exclude_global_add_ons":[],"addons":[],"gallery_images":[101878,101879,101880,101881,101882,101883,119078,144976],"jetpack_publicize_connections":[],"jetpack_likes_enabled":true,"jetpack_sharing_enabled":true,"_links":{"self":[{"href":"https:\/\/ugoman.net\/ro\/wp-json\/wp\/v2\/product\/75388","targetHints":{"allow":["GET"]}}],"collection":[{"href":"https:\/\/ugoman.net\/ro\/wp-json\/wp\/v2\/product"}],"about":[{"href":"https:\/\/ugoman.net\/ro\/wp-json\/wp\/v2\/types\/product"}],"wp:featuredmedia":[{"embeddable":true,"href":"https:\/\/ugoman.net\/ro\/wp-json\/wp\/v2\/media\/101842"}],"wp:attachment":[{"href":"https:\/\/ugoman.net\/ro\/wp-json\/wp\/v2\/media?parent=75388"}],"wp:term":[{"taxonomy":"product_brand","embeddable":true,"href":"https:\/\/ugoman.net\/ro\/wp-json\/wp\/v2\/product_brand?post=75388"},{"taxonomy":"product_cat","embeddable":true,"href":"https:\/\/ugoman.net\/ro\/wp-json\/wp\/v2\/product_cat?post=75388"},{"taxonomy":"product_tag","embeddable":true,"href":"https:\/\/ugoman.net\/ro\/wp-json\/wp\/v2\/product_tag?post=75388"}],"curies":[{"name":"wp","href":"https:\/\/api.w.org\/{rel}","templated":true}]}}